{"id":16,"date":"2024-06-24T16:37:06","date_gmt":"2024-06-24T16:37:06","guid":{"rendered":"http:\/\/praxi.com.tr\/?page_id=16"},"modified":"2026-01-21T13:03:47","modified_gmt":"2026-01-21T10:03:47","slug":"iletisim","status":"publish","type":"page","link":"https:\/\/praxi.com.tr\/en\/iletisim\/","title":{"rendered":"Contact"},"content":{"rendered":"<div style=\"display: flex; flex-wrap: wrap; justify-content: center; gap: 20px; max-width: 1200px; margin: 20px auto; font-family: -apple-system, BlinkMacSystemFont, 'Segoe UI', Roboto, Helvetica, Arial, sans-serif; color: #444;\">\n<div style=\"flex: 1 1 320px; background: #fff; border: 1px solid #e5e5e5; border-top: 5px solid #F06022; border-radius: 8px; box-shadow: 0 4px 6px rgba(0,0,0,0.05); overflow: hidden;\">\n<div style=\"position: relative;\">\n<p><iframe style=\"width: 100%; height: 250px; border: 0; display: block;\" src=\"https:\/\/www.google.com\/maps\/embed?pb=!1m18!1m12!1m3!1d1504.0711854502179!2d28.830841848247477!3d41.06588049663204!2m3!1f0!2f0!3f0!3m2!1i1024!2i768!4f13.1!3m3!1m2!1s0x14caa55e0fb948fd%3A0x72508b5640214694!2sPraxi%20Otomotiv!5e0!3m2!1str!2str!4v1751711755372!5m2!1str!2str\" allowfullscreen=\"allowfullscreen\"><\/iframe><\/p>\n<div style=\"position: absolute; bottom: 0; left: 0; background: rgba(255,255,255,0.95); padding: 10px 20px; border-top-right-radius: 8px; border-top: 2px solid #9BCC4C;\">\n<h3 style=\"margin: 0; color: #f06022; font-size: 1.2rem; font-weight: bold;\">BAGCILAR<\/h3>\n<\/div>\n<\/div>\n<div style=\"padding: 20px;\">\n<div style=\"display: flex; margin-bottom: 12px; font-size: 0.9rem; align-items: start;\">\n<p>Isto\u00e7 Auto Trade Center, 3rd Street, Block G, No: 2\/B <strong>BAGCILAR \/ ISTANBUL<\/strong><\/p>\n<\/div>\n<div style=\"display: flex; margin-bottom: 12px; font-size: 0.9rem; align-items: center;\"><a style=\"text-decoration: none; color: #444; font-weight: 600;\" href=\"tel:02126569556\">0212 656 95 56<\/a><\/div>\n<div style=\"display: flex; font-size: 0.9rem; align-items: center;\"><a style=\"text-decoration: none; color: #444;\" href=\"mailto:info@praxi.com.tr\">info@praxi.com.tr<\/a><\/div>\n<\/div>\n<\/div>\n<div style=\"flex: 1 1 320px; background: #fff; border: 1px solid #e5e5e5; border-top: 5px solid #F06022; border-radius: 8px; box-shadow: 0 4px 6px rgba(0,0,0,0.05); overflow: hidden;\">\n<div style=\"position: relative;\">\n<p><iframe style=\"width: 100%; height: 250px; border: 0; display: block;\" src=\"https:\/\/www.google.com\/maps\/embed?pb=!1m18!1m12!1m3!1d3010.19207694563!2d29.1235231757458!3d41.021053518638745!2m3!1f0!2f0!3f0!3m2!1i1024!2i768!4f13.1!3m3!1m2!1s0x14cac90619874d99%3A0xbb71fa6725871b77!2sPraxi%20Otomotiv!5e0!3m2!1str!2str!4v1751712956796!5m2!1str!2str\" allowfullscreen=\"allowfullscreen\"><\/iframe><\/p>\n<div style=\"position: absolute; bottom: 0; left: 0; background: rgba(255,255,255,0.95); padding: 10px 20px; border-top-right-radius: 8px; border-top: 2px solid #9BCC4C;\">\n<h3 style=\"margin: 0; color: #f06022; font-size: 1.2rem; font-weight: bold;\">UMRANIYE<\/h3>\n<\/div>\n<\/div>\n<div style=\"padding: 20px;\">\n<div style=\"display: flex; margin-bottom: 12px; font-size: 0.9rem; align-items: start;\">\n<p>\u00c7akmak Neighborhood, Alemda\u011f Street, No: 510\/A <strong> UMRANIYE \/ ISTANBUL<\/strong><\/p>\n<\/div>\n<div style=\"display: flex; margin-bottom: 12px; font-size: 0.9rem; align-items: center;\"><a style=\"text-decoration: none; color: #444; font-weight: 600;\" href=\"tel:02126569556\">0212 656 95 56<\/a><\/div>\n<div style=\"display: flex; font-size: 0.9rem; align-items: center;\"><a style=\"text-decoration: none; color: #444;\" href=\"mailto:info@praxi.com.tr\">info@praxi.com.tr<\/a><\/div>\n<\/div>\n<\/div>\n<\/div>","protected":false},"excerpt":{"rendered":"<p>BA\u011eCILAR \u0130sto\u00e7 Oto Ticaret Merkezi 3.Cadde G Blok No: 2\/B BA\u011eCILAR \/ \u0130STANBUL 0212 656 95 56 info@praxi.com.tr \u00dcMRAN\u0130YE \u00c7akmak Mahallesi Alemda\u011f caddesi no: 510\/A \u00dcMRAN\u0130YE \/ \u0130STANBUL 0212 656 95 56 info@praxi.com.tr<\/p>","protected":false},"author":1,"featured_media":0,"parent":0,"menu_order":7,"comment_status":"open","ping_status":"closed","template":"","meta":{"footnotes":""},"class_list":["post-16","page","type-page","status-publish","hentry"],"_links":{"self":[{"href":"https:\/\/praxi.com.tr\/en\/wp-json\/wp\/v2\/pages\/16","targetHints":{"allow":["GET"]}}],"collection":[{"href":"https:\/\/praxi.com.tr\/en\/wp-json\/wp\/v2\/pages"}],"about":[{"href":"https:\/\/praxi.com.tr\/en\/wp-json\/wp\/v2\/types\/page"}],"author":[{"embeddable":true,"href":"https:\/\/praxi.com.tr\/en\/wp-json\/wp\/v2\/users\/1"}],"replies":[{"embeddable":true,"href":"https:\/\/praxi.com.tr\/en\/wp-json\/wp\/v2\/comments?post=16"}],"version-history":[{"count":18,"href":"https:\/\/praxi.com.tr\/en\/wp-json\/wp\/v2\/pages\/16\/revisions"}],"predecessor-version":[{"id":1710,"href":"https:\/\/praxi.com.tr\/en\/wp-json\/wp\/v2\/pages\/16\/revisions\/1710"}],"wp:attachment":[{"href":"https:\/\/praxi.com.tr\/en\/wp-json\/wp\/v2\/media?parent=16"}],"curies":[{"name":"wp","href":"https:\/\/api.w.org\/{rel}","templated":true}]}}